{"id":8935,"date":"2019-12-01T18:42:30","date_gmt":"2019-12-01T17:42:30","guid":{"rendered":"http:\/\/www.dnjv.eu\/?page_id=8935"},"modified":"2020-04-26T19:37:18","modified_gmt":"2020-04-26T17:37:18","slug":"herbsttagung-2019-in-trier","status":"publish","type":"page","link":"https:\/\/www.dnjv.eu\/?page_id=8935&lang=de","title":{"rendered":"Herbsttagung 2019 Trier"},"content":{"rendered":"<p><a href=\"http:\/\/www.dnjv.eu\/wp-content\/uploads\/2020\/04\/Tagungsprogramm-Herbsttagung-DNJV-Trier.pdf\">Tagungsprogramm<\/a><\/p>\r\n<p><a href=\"http:\/\/www.dnjv.eu\/wp-content\/uploads\/2020\/04\/Rahmenprogramm-der-Herbsttagung-2019-in-Trier.pdf\">Rahmenprogramm<\/a><\/p>\r\n<p>&nbsp;<\/p>\r\n<h3><strong>Vortr\u00e4ge<\/strong><\/h3>\r\n<p>Matthias Niebuhr<br \/><a href=\"http:\/\/www.dnjv.eu\/wp-content\/uploads\/2020\/04\/Niebuhr.pdf\">Es ist kompliziert \u2013 Wann ist ein Datenschutzversto\u00df auch unlauterer Wettbewerb ?<\/a><\/p>\r\n<p>Prof. Dr. S\u00f6nke Ahrens<br \/><a href=\"http:\/\/www.dnjv.eu\/wp-content\/uploads\/2020\/04\/Ahrens.pdf\">Die Konsequenzen des Brexit f\u00fcr die Rechte des geistigen Eigentums<\/a><\/p>\r\n<p>Johan Axhamn, LL.D.<br \/><a href=\"http:\/\/www.dnjv.eu\/wp-content\/uploads\/2020\/04\/Axhamn-The-impact-of-German-copyright-law.pdf\">The impact of German copyright law on copyright law in the Nordic countries yesterday, today and tomorrow<\/a><\/p>\r\n<p>Prof. Dr. Rainer Oesch<br \/><a href=\"http:\/\/www.dnjv.eu\/wp-content\/uploads\/2020\/04\/Oesch.pdf\">Aktuelle Tendenzen in dem europ\u00e4isch-nordischen Urheberrecht \u2013 Vertragsgestaltung der Inhalte f\u00fcr neue Medien<\/a><\/p>\r\n<p>Dr. Sebastian Schwemer<br \/><a href=\"http:\/\/www.dnjv.eu\/wp-content\/uploads\/2020\/04\/Schwemer.pdf\">Auf dem Weg zum digitalen Binnenmarkt? Wie das europ\u00e4ische Urheberrecht die Haftung der Intermedi\u00e4re und das Internet ver\u00e4ndert<\/a><\/p>\r\n<p>Prof. Sanna Wolk<br \/><a href=\"http:\/\/www.dnjv.eu\/wp-content\/uploads\/2020\/04\/Wolk.pdf\">What the EU copyright law means in practice<\/a><\/p>\r\n<p>&nbsp;<\/p>\r\n<p>&nbsp;<\/p>\r\n<p>&nbsp;<\/p>\r\n\r\n<p>&nbsp;<\/p>\r\n\r\n\r\n\r\n<p>&nbsp;<\/p>\r\n","protected":false},"excerpt":{"rendered":"<p>Tagungsprogramm Rahmenprogramm &nbsp; Vortr\u00e4ge Matthias NiebuhrEs ist kompliziert \u2013 Wann ist ein Datenschutzversto\u00df auch unlauterer Wettbewerb ? Prof. Dr. S\u00f6nke AhrensDie Konsequenzen des Brexit f\u00fcr die Rechte des geistigen Eigentums Johan Axhamn, LL.D.The impact of German copyright law on copyright law in the Nordic countries yesterday, today and tomorrow Prof. [\u2026] <\/p>\n<div class=\"clear\"><\/div>\n<p><a class=\"more_link clearfix\" href=\"https:\/\/www.dnjv.eu\/?page_id=8935&#038;lang=de\" rel=\"nofollow\">Read More &rarr;<\/a><\/p>\n","protected":false},"author":1,"featured_media":8937,"parent":0,"menu_order":0,"comment_status":"closed","ping_status":"closed","template":"","meta":{"footnotes":""},"class_list":["post-8935","page","type-page","status-publish","has-post-thumbnail","hentry"],"lang":"de","translations":{"de":8935},"pll_sync_post":[],"_links":{"self":[{"href":"https:\/\/www.dnjv.eu\/index.php?rest_route=\/wp\/v2\/pages\/8935","targetHints":{"allow":["GET"]}}],"collection":[{"href":"https:\/\/www.dnjv.eu\/index.php?rest_route=\/wp\/v2\/pages"}],"about":[{"href":"https:\/\/www.dnjv.eu\/index.php?rest_route=\/wp\/v2\/types\/page"}],"author":[{"embeddable":true,"href":"https:\/\/www.dnjv.eu\/index.php?rest_route=\/wp\/v2\/users\/1"}],"replies":[{"embeddable":true,"href":"https:\/\/www.dnjv.eu\/index.php?rest_route=%2Fwp%2Fv2%2Fcomments&post=8935"}],"version-history":[{"count":19,"href":"https:\/\/www.dnjv.eu\/index.php?rest_route=\/wp\/v2\/pages\/8935\/revisions"}],"predecessor-version":[{"id":9083,"href":"https:\/\/www.dnjv.eu\/index.php?rest_route=\/wp\/v2\/pages\/8935\/revisions\/9083"}],"wp:featuredmedia":[{"embeddable":true,"href":"https:\/\/www.dnjv.eu\/index.php?rest_route=\/wp\/v2\/media\/8937"}],"wp:attachment":[{"href":"https:\/\/www.dnjv.eu\/index.php?rest_route=%2Fwp%2Fv2%2Fmedia&parent=8935"}],"curies":[{"name":"wp","href":"https:\/\/api.w.org\/{rel}","templated":true}]}}