{"id":8596,"date":"2017-04-20T12:09:28","date_gmt":"2017-04-20T10:09:28","guid":{"rendered":"http:\/\/dnjv.org.w00b1b50.kasserver.com\/?page_id=4714"},"modified":"2019-02-09T16:47:37","modified_gmt":"2019-02-09T15:47:37","slug":"tagungen","status":"publish","type":"page","link":"https:\/\/www.dnjv.eu\/?page_id=8596&lang=sv","title":{"rendered":"Tagungen"},"content":{"rendered":"<p><span style=\"font-family: Arial,Helvetica;\">15. bis 16. September 1989 in Malm\u00f6<br \/>\nThema: &#8220;Sicherungsrechte der Verk\u00e4ufers, insbesondere im Konkurs des K\u00e4ufers&#8221; <\/span><\/p>\n<p><span style=\"font-family: Arial,Helvetica;\">18. bis 20. Mai 1990 in Kolding<\/p>\n<p><span style=\"font-family: Arial,Helvetica;\">21. bis 23. April 1989 in Kiel<br \/>\nThema: &#8220;Produkthaftung im deutschen und nordischen Recht&#8221; <\/span><\/p>\n<p><span style=\"font-family: Arial,Helvetica;\">2. bis 3. November 1990 in L\u00fcbeck<br \/>\nThema: &#8220;Erwerb von Immobilien in Deutschland und den nordischen Staaten&#8221; <\/span><\/p>\n<p><span style=\"font-family: Arial,Helvetica;\">24. bis 26. Mai 1991 in Helsinki<br \/>\nThema: &#8220;Das deutsche und nordische Gesellschaftsrecht&#8221; <\/span><\/p>\n<p><span style=\"font-family: Arial,Helvetica;\">1. bis 2. November 1991 in Kopenhagen<br \/>\nThema: &#8220;Das Schiedsgerichtsverfahren im deutschen und nordischen Recht&#8221; <\/span><\/p>\n<p><span style=\"font-family: Arial,Helvetica;\">22. bis 24. Mai 1992 in Hamburg<br \/>\nThema: &#8220;Wettbewerbsbeschr\u00e4nkende Abreden in Handelsvertreter-, Vertragsh\u00e4ndler- und Lizenzvertr\u00e4gen&#8221; <\/span><\/p>\n<p><span style=\"font-family: Arial,Helvetica;\">20. bis 22. November 1992 in Br\u00fcssel<br \/>\nThema: &#8220;EG-Recht&#8221; <\/span><\/p>\n<p><span style=\"font-family: Arial,Helvetica;\">14. bis 16. Mai 1993 in Oslo<br \/>\nThema: &#8220;Durchgriffshaftung&#8221; <\/span><\/p>\n<p><span style=\"font-family: Arial,Helvetica;\">1. bis 3. Oktober 1993 in M\u00fcnchen<br \/>\nThema: &#8220;Das Konkursverfahren im deutschen und nordischen Recht&#8221; <\/span><\/p>\n<p><span style=\"font-family: Arial,Helvetica;\">3. bis 5. Juni 1994 in Stockholm<br \/>\nThema: &#8220;Das \u00dcbereinkommen von Lugano&#8221; <\/span><\/p>\n<p><span style=\"font-family: Arial,Helvetica;\">30. September bis 1. Oktober 1994 in Z\u00fcrich<br \/>\nThema: &#8220;UN-Kaufrecht&#8221; <\/span><\/p>\n<p><span style=\"font-family: Arial,Helvetica;\">5. bis 7. Mai 1995 in Wien<br \/>\nThema: &#8220;Unternehmenskauf&#8221; <\/span><\/p>\n<p><span style=\"font-family: Arial,Helvetica;\">22. bis 23. September 1995 in G\u00f6teborg<br \/>\nThema: &#8220;Doppelbesteuerung u. EU-Sozialversicherungen im skandinavisch-deutschen Wirtschaftsverkehr&#8221; <\/span><\/p>\n<p><span style=\"font-family: Arial,Helvetica;\">17. bis 19. Mai 1996 in Mariehamn (\u00c5land-Inseln)<br \/>\nThema: &#8220;Familien- und Erbrecht&#8221; <\/span><\/p>\n<p><span style=\"font-family: Arial,Helvetica;\">20. bis 22. September 1996 in Berlin<br \/>\nThema: &#8220;Umweltrecht&#8221; <\/span><\/p>\n<p><span style=\"font-family: Arial,Helvetica;\">9. bis 11. Mai 1997 in Riga<br \/>\nThema: &#8220;Rechtsverkehr mit den Baltischen Staaten&#8221; <\/span><\/p>\n<p><span style=\"font-family: Arial,Helvetica;\">19. bis 21 September 1997 in Trondheim<br \/>\nThema: &#8220;Arbeitsrecht&#8221; <\/span><\/p>\n<p><span style=\"font-family: Arial,Helvetica;\">24. bis 26. April 1998 in Luxembourg<br \/>\nThema: &#8220;Europ\u00e4ischer Gerichtshof und Europ\u00e4isches Recht&#8221; <\/span><\/p>\n<p><span style=\"font-family: Arial,Helvetica;\">25. bis 27. September 1998 in Reykjav\u00edk<br \/>\nThema: &#8220;Transport-, Fracht- und Seerecht&#8221;<br \/>\n<\/span><\/p>\n<p><span style=\"font-family: Arial,Helvetica;\">23. bis 25. April 19999 in Dresden<br \/>\nThema: &#8220;Wettbewerbsrecht und gewerblicher Rechtsschutz&#8221; <\/span><\/p>\n<p><span style=\"font-family: Arial,Helvetica;\">24. bis 26. September 1999 in Kopenhagen<br \/>\nThema: &#8220;Internet und Recht&#8221; <\/span><\/p>\n<p><span style=\"font-family: Arial,Helvetica;\">19. bis 21. Mai 2000 in Gdansk (Danzig)<br \/>\nThema: &#8220;Rechtsverkehr mit Polen&#8221; <\/span><\/p>\n<p><span style=\"font-family: Arial,Helvetica;\">29. September bis 1. Oktober 2000 in Salzburg<br \/>\nThema: &#8220;Baurecht&#8221;<\/span><\/p>\n<p><span style=\"font-family: Arial,Helvetica;\">11. bis 13. Mai 2001 in Bergen<br \/>\nThema: &#8220;Erbrecht&#8221;<\/span><\/p>\n<p><span style=\"font-family: Arial,Helvetica;\">14. bis 16. September 2001 in Flensburg-Sankelmark<br \/>\nThema: &#8220;Unternehmenssteuern in den Nordischen L\u00e4ndern und in Deutschland&#8221; <\/span><\/p>\n<p><span style=\"font-family: Arial,Helvetica;\">31.5. &#8211; 2.6.2002 in Tallinn<br \/>\nThema: Internationales Handels-und Wirtschaftsrecht <\/span><\/p>\n<p><span style=\"font-family: Arial,Helvetica;\">13.-15.9.2002 in Frankfurt\/M<br \/>\nThema: Finanz- und Wirtschaftsrecht nach der Euro-Einf\u00fchrung <\/span><\/p>\n<p><span style=\"font-family: Arial,Helvetica;\">23.-25.5.2003 in Turku<br \/>\nThema: Insolvenzrecht <\/span><\/p>\n<p><span style=\"font-family: Arial,Helvetica;\">07.-09.5.2004 in Antwerpen<br \/>\nThema: Wettbewerbsrecht und Anwaltliches Berufsrecht <\/span><\/p>\n<p><span style=\"font-family: Arial,Helvetica;\">08.-10. Oktober 2004 in Vilnius<br \/>\nThema: Europarecht <\/span><\/p>\n<p><span style=\"font-family: Arial,Helvetica;\">15. bis 17. April 2005 in Uppsala<br \/>\nThema: Internationales Erbbrecht <\/span><\/p>\n<p><span style=\"font-family: Arial,Helvetica;\">7. bis 9. Oktober 2005 in Bratislava<br \/>\nThema: Nationales und internationales Gesellschaftsrecht <\/span><\/p>\n<p><span style=\"font-family: Arial,Helvetica;\">\u00a0<\/span> <span style=\"font-family: Arial,Helvetica;\">12. bis 14. Mai 2006 in St. Petersburg<br \/>\nThema: Haftung der Leitungsorgane von Kapitalgesellschaften <\/span><\/p>\n<p><span style=\"font-family: Arial,Helvetica;\">Herbsttagung 1.-15. Oktober 2006 in K\u00f6ln<br \/>\nThema:\u00a0 Immobilien- und Vergaberecht<\/span><\/p>\n<p><span style=\"font-family: Arial,Helvetica;\">Fr\u00fchjahrstagung 11.-13. Mai 2007 in Oslo<br \/>\nThema: Gewerblicher Rechtsschutz <\/span><\/p>\n<p><span style=\"font-family: Arial,Helvetica;\">Herbsttagung 05.-07.10.2007 in Budapest<br \/>\nThema: Arbeitsrecht und EU-rechtliche Integration <\/span><\/p>\n<p><span style=\"font-family: Arial,Helvetica;\">\u00a0<\/span> <span style=\"font-family: Arial,Helvetica;\">Fr\u00fchjahrstagung 30. Mai &#8211; 1. Juni 2008 in Konstanz<br \/>\nThema:\u00a0 EuGVO <\/span><\/p>\n<p><span style=\"font-family: Arial,Helvetica;\"> Fr\u00fchjahrstagung 05.-08. Mai 2009 in Aarhus<br \/>\nThema: Markenrecht und Unlauterer Wettbewerb <\/span><\/p>\n<p><span style=\"font-family: Arial,Helvetica;\">Herbsttagung 25.-27. September 2009 in Leipzig<br \/>\nThema: Planung und Durchf\u00fchrung von Gro\u00dfprojekten<\/span><\/p>\n<p><span style=\"font-family: Arial,Helvetica;\">\u00a0<\/span> <span style=\"font-family: Arial,Helvetica;\"> Fr\u00fchjahrstagung 03.-06. Juni 2009 in Reykjavik<br \/>\nThema: Die rechtliche Bew\u00e4ltigung der Finanzmarktkrise <\/span><\/p>\n<p><span style=\"font-family: Arial,Helvetica;\">Herbsttagung 01.-03. Oktober 2010 in Augsburg<br \/>\nThema: Compliance <\/span><\/p>\n<p><span style=\"font-family: Arial,Helvetica;\"> Fr\u00fchjahrstagung 27.-29. Mai 2011 in Helsinki<br \/>\nThema: Energierecht <\/span><\/p>\n<p><span style=\"font-family: Arial,Helvetica;\"> Herbsttagung 2011 in Graz (\u00d6sterreich)<br \/>\nThema &#8220;Das Recht der Allgemeinen Gesch\u00e4ftsbedingungen&#8221; <\/span><\/p>\n<p><span style=\"font-family: Arial,Helvetica;\"> Fr\u00fchjahrstagung 2012 11. bis 13. Mai 2012 in Lund (Schweden)<br \/>\nThema &#8220;Immobilienrecht&#8221; <\/span><\/p>\n<p><span style=\"font-family: Arial,Helvetica;\"> Herbsttagung 21. bis 23. September 2012 in Bremen<br \/>\nThema &#8220;Familienrecht&#8221; <\/span><\/p>\n<p><span style=\"font-family: Arial,Helvetica;\"> Fr\u00fchjahrstagung 31.05.-02.06.2013 in Stavanger (Norwegen)<br \/>\nThema &#8220;Europ\u00e4isches Vertragsrecht&#8221; <\/span><\/p>\n<p><span style=\"font-family: Arial,Helvetica;\"> Herbsttagung 11.-13.10.2013 in Strasbourg (Frankreich)<br \/>\nThema &#8220;Aktuelle Probleme des Europ\u00e4ischen Rechts&#8221; <\/span><\/p>\n<p><span style=\"font-family: Arial,Helvetica;\"><a href=\"http:\/\/dnjv.org.w00b1b50.kasserver.com\/what-we-do\/tagungen_2014\/\"> Fr\u00fchjahrstagung 28.03.-01.04.2014 in Illulisat (Gr\u00f6nland)<\/a><br \/>\nThema &#8220;Aktuelle Probleme des Europ\u00e4ischen F\u00f6rderung von Rohstoffen, Autonomie und Rechte der Urbev\u00f6lkerung &#8211; aktuelle Rechtsfragen am Beispiel Gr\u00f6nlands&#8221; <\/span><\/p>\n<p><span style=\"font-family: Arial,Helvetica;\"><a href=\"http:\/\/dnjv.org.w00b1b50.kasserver.com\/what-we-do\/tagungen_2014\/\"> Herbsttagung 26. bis 28.09.2014 in Luzern (Schweiz)<\/a><br \/>\nThema &#8220;Internationales Arbeitsrecht&#8221; <\/span><\/p>\n<p><span style=\"font-family: Arial,Helvetica;\"><a href=\"http:\/\/dnjv.org.w00b1b50.kasserver.com\/what-we-do\/tagungen_2015\/\"> Fr\u00fchjahrstagung 29.-31.05.2015 auf Bornholm (D\u00e4nemark)<\/a><br \/>\nThema: EU-ErbrechtsVO und internationales Erbrecht <\/span><\/p>\n<p><span style=\"font-family: Arial,Helvetica;\"><a href=\"http:\/\/dnjv.org.w00b1b50.kasserver.com\/what-we-do\/tagungen_2015\/\"> Herbsttagung 11.-13.09.2015 in Berlin<\/a><br \/>\nThema: Recht und Politik <\/span><\/p>\n<p><span style=\"font-family: Arial,Helvetica;\"><a href=\"http:\/\/dnjv.org.w00b1b50.kasserver.com\/what-we-do\/tagungen_2016\/\"> Fr\u00fchjahrstagung 2016 in Rovaniemi (Finnland)<\/a><br \/>\n<\/span><\/p>\n<p><span style=\"font-family: Arial,Helvetica;\"><a href=\"http:\/\/dnjv.org.w00b1b50.kasserver.com\/what-we-do\/tagungen_2016\/\"> Herbsttagung 2016 in Krakov (Polen)<\/a><br \/>\n<\/span><\/p>\n<p><b>Fr\u00fchjahrstagung 2017<\/b> in Visby auf Gotland (Schweden)<br \/>\nThema Vertriebsrecht.<\/p>\n<p>Thema: &#8220;Das Recht des Handelsvertreters im deutschen und nordischen Recht&#8221; <\/span><\/p>\n","protected":false},"excerpt":{"rendered":"<p>15. bis 16. September 1989 in Malm\u00f6 Thema: &#8220;Sicherungsrechte der Verk\u00e4ufers, insbesondere im Konkurs des K\u00e4ufers&#8221; 18. bis 20. Mai 1990 in Kolding 21. bis 23. April 1989 in Kiel Thema: &#8220;Produkthaftung im deutschen und nordischen Recht&#8221; 2. bis 3. November 1990 in L\u00fcbeck Thema: &#8220;Erwerb von Immobilien in Deutschland [\u2026] <\/p>\n<div class=\"clear\"><\/div>\n<p><a class=\"more_link clearfix\" href=\"https:\/\/www.dnjv.eu\/?page_id=8596&#038;lang=sv\" rel=\"nofollow\">Read More &rarr;<\/a><\/p>\n","protected":false},"author":1,"featured_media":0,"parent":0,"menu_order":0,"comment_status":"closed","ping_status":"closed","template":"","meta":{"footnotes":""},"class_list":["post-8596","page","type-page","status-publish","hentry"],"lang":"sv","translations":{"de":4714,"en":8592,"nb":8593,"da":8594,"fi":8595,"sv":8596},"pll_sync_post":[],"_links":{"self":[{"href":"https:\/\/www.dnjv.eu\/index.php?rest_route=\/wp\/v2\/pages\/8596","targetHints":{"allow":["GET"]}}],"collection":[{"href":"https:\/\/www.dnjv.eu\/index.php?rest_route=\/wp\/v2\/pages"}],"about":[{"href":"https:\/\/www.dnjv.eu\/index.php?rest_route=\/wp\/v2\/types\/page"}],"author":[{"embeddable":true,"href":"https:\/\/www.dnjv.eu\/index.php?rest_route=\/wp\/v2\/users\/1"}],"replies":[{"embeddable":true,"href":"https:\/\/www.dnjv.eu\/index.php?rest_route=%2Fwp%2Fv2%2Fcomments&post=8596"}],"version-history":[{"count":0,"href":"https:\/\/www.dnjv.eu\/index.php?rest_route=\/wp\/v2\/pages\/8596\/revisions"}],"wp:attachment":[{"href":"https:\/\/www.dnjv.eu\/index.php?rest_route=%2Fwp%2Fv2%2Fmedia&parent=8596"}],"curies":[{"name":"wp","href":"https:\/\/api.w.org\/{rel}","templated":true}]}}