{"id":8556,"date":"2015-01-14T11:47:07","date_gmt":"2015-01-14T10:47:07","guid":{"rendered":"http:\/\/demo.wpzoom.com\/angle\/?page_id=24"},"modified":"2019-02-09T16:46:41","modified_gmt":"2019-02-09T15:46:41","slug":"herbsttagung_2016-2","status":"publish","type":"page","link":"https:\/\/www.dnjv.eu\/?page_id=8556&lang=sv","title":{"rendered":"Herbsttagung 2016 Krakau"},"content":{"rendered":"<h3 style=\"text-align: center;\">23.&nbsp;&#8211; 25.&nbsp;September 2016<\/h3>\n<h3 style=\"text-align: center;\">Thema: Anwaltliches Berufsrecht<\/h3>\n<p>&nbsp;<\/p>\n<p style=\"text-align: center;\">Hotel war das <a href=\"http:\/\/www.purohotel.pl\/krakow\">Puro Hotel Krak\u00f3w<\/a>, ul. Ogrodowa 10, 31-155 Krak\u00f3w.<\/p>\n<p style=\"text-align: center;\">Die Tagung selbst fand im Collegium Maius der Jagiellonenuniversit\u00e4t statt.<\/p>\n<p>&nbsp;<\/p>\n<p style=\"text-align: center;\"><a href=\"http:\/\/www.dnjv.eu\/wp-content\/uploads\/2018\/01\/160805-Dokument-Tagungsprogramm-CLEAN.pdf\">Tagungsprogramm<\/a><\/p>\n<p>Vortr\u00e4ge:<\/p>\n<p><a href=\"http:\/\/www.dnjv.eu\/wp-content\/uploads\/2018\/01\/Vortrag-Krakau.pdf\">Szczypi\u0144ski Redefreiheit des Prozessbevollm\u00e4chtigten in Polen<\/a><\/p>\n<p>Hauffe,&nbsp;<a href=\"http:\/\/www.dnjv.eu\/wp-content\/uploads\/2018\/01\/Vortrag-Krakau.pdf\">Anwaltsrecht aus deutscher Sicht<\/a><\/p>\n<p>Langenius,<a href=\"http:\/\/www.dnjv.eu\/wp-content\/uploads\/2018\/01\/DNJV-The-core-elements-of-the-Swedish-Bar\u2019s-ethical-rules-2-Folien-pro-Seite-1028567-.pdf\">The core elements of the Swedish Bar\u2019s ethical rules<\/a><\/p>\n<p>Makowiecka, <a href=\"http:\/\/www.dnjv.eu\/wp-content\/uploads\/2018\/01\/Stereotype-im-deutsh-polnischen-Gesch\u00e4ftsleben_DNJV_Krakau_24.09.2016.pdf\">Stereotype im deutsch-polnischen Gesch\u00e4ftsleben<\/a><\/p>\n<p>&nbsp;<\/p>\n","protected":false},"excerpt":{"rendered":"<p>23.&nbsp;&#8211; 25.&nbsp;September 2016 Thema: Anwaltliches Berufsrecht &nbsp; Hotel war das Puro Hotel Krak\u00f3w, ul. Ogrodowa 10, 31-155 Krak\u00f3w. Die Tagung selbst fand im Collegium Maius der Jagiellonenuniversit\u00e4t statt. &nbsp; Tagungsprogramm Vortr\u00e4ge: Szczypi\u0144ski Redefreiheit des Prozessbevollm\u00e4chtigten in Polen Hauffe,&nbsp;Anwaltsrecht aus deutscher Sicht Langenius,The core elements of the Swedish Bar\u2019s ethical rules [\u2026] <\/p>\n<div class=\"clear\"><\/div>\n<p><a class=\"more_link clearfix\" href=\"https:\/\/www.dnjv.eu\/?page_id=8556&#038;lang=sv\" rel=\"nofollow\">Read More &rarr;<\/a><\/p>\n","protected":false},"author":1,"featured_media":8558,"parent":0,"menu_order":0,"comment_status":"open","ping_status":"closed","template":"","meta":{"footnotes":""},"class_list":["post-8556","page","type-page","status-publish","has-post-thumbnail","hentry"],"lang":"sv","translations":{"de":24,"en":8544,"nb":8547,"da":8550,"fi":8553,"sv":8556},"pll_sync_post":[],"_links":{"self":[{"href":"https:\/\/www.dnjv.eu\/index.php?rest_route=\/wp\/v2\/pages\/8556","targetHints":{"allow":["GET"]}}],"collection":[{"href":"https:\/\/www.dnjv.eu\/index.php?rest_route=\/wp\/v2\/pages"}],"about":[{"href":"https:\/\/www.dnjv.eu\/index.php?rest_route=\/wp\/v2\/types\/page"}],"author":[{"embeddable":true,"href":"https:\/\/www.dnjv.eu\/index.php?rest_route=\/wp\/v2\/users\/1"}],"replies":[{"embeddable":true,"href":"https:\/\/www.dnjv.eu\/index.php?rest_route=%2Fwp%2Fv2%2Fcomments&post=8556"}],"version-history":[{"count":0,"href":"https:\/\/www.dnjv.eu\/index.php?rest_route=\/wp\/v2\/pages\/8556\/revisions"}],"wp:featuredmedia":[{"embeddable":true,"href":"https:\/\/www.dnjv.eu\/index.php?rest_route=\/wp\/v2\/media\/8558"}],"wp:attachment":[{"href":"https:\/\/www.dnjv.eu\/index.php?rest_route=%2Fwp%2Fv2%2Fmedia&parent=8556"}],"curies":[{"name":"wp","href":"https:\/\/api.w.org\/{rel}","templated":true}]}}