{"id":7614,"date":"2017-04-20T12:06:28","date_gmt":"2017-04-20T10:06:28","guid":{"rendered":"http:\/\/dnjv.org.w00b1b50.kasserver.com\/?page_id=4704"},"modified":"2019-02-09T16:52:59","modified_gmt":"2019-02-09T15:52:59","slug":"ziele","status":"publish","type":"page","link":"https:\/\/www.dnjv.eu\/?page_id=7614&lang=da","title":{"rendered":"M\u00e5l"},"content":{"rendered":"<p>Fremme af erhvervsuddannelsen<\/p>\n<p>Kendskab og forst\u00e5elsen for nordisk ret i Tyskland og for tysk ret i det Nordisk R\u00e5ds lande<\/p>\n<p>Personlig og videnskabelig kontakt mellem tysktalende juristen og jurister fra det Nordiske R\u00e5ds medlemslande<\/p>\n","protected":false},"excerpt":{"rendered":"<p>Fremme af erhvervsuddannelsen Kendskab og forst\u00e5elsen for nordisk ret i Tyskland og for tysk ret i det Nordisk R\u00e5ds lande Personlig og videnskabelig kontakt mellem tysktalende juristen og jurister fra det Nordiske R\u00e5ds medlemslande<\/p>\n","protected":false},"author":1,"featured_media":0,"parent":0,"menu_order":0,"comment_status":"closed","ping_status":"closed","template":"","meta":{"footnotes":""},"class_list":["post-7614","page","type-page","status-publish","hentry"],"lang":"da","translations":{"de":4704,"en":7612,"nb":7613,"da":7614,"fi":7615,"sv":7616},"pll_sync_post":[],"_links":{"self":[{"href":"https:\/\/www.dnjv.eu\/index.php?rest_route=\/wp\/v2\/pages\/7614","targetHints":{"allow":["GET"]}}],"collection":[{"href":"https:\/\/www.dnjv.eu\/index.php?rest_route=\/wp\/v2\/pages"}],"about":[{"href":"https:\/\/www.dnjv.eu\/index.php?rest_route=\/wp\/v2\/types\/page"}],"author":[{"embeddable":true,"href":"https:\/\/www.dnjv.eu\/index.php?rest_route=\/wp\/v2\/users\/1"}],"replies":[{"embeddable":true,"href":"https:\/\/www.dnjv.eu\/index.php?rest_route=%2Fwp%2Fv2%2Fcomments&post=7614"}],"version-history":[{"count":1,"href":"https:\/\/www.dnjv.eu\/index.php?rest_route=\/wp\/v2\/pages\/7614\/revisions"}],"predecessor-version":[{"id":8686,"href":"https:\/\/www.dnjv.eu\/index.php?rest_route=\/wp\/v2\/pages\/7614\/revisions\/8686"}],"wp:attachment":[{"href":"https:\/\/www.dnjv.eu\/index.php?rest_route=%2Fwp%2Fv2%2Fmedia&parent=7614"}],"curies":[{"name":"wp","href":"https:\/\/api.w.org\/{rel}","templated":true}]}}