{"id":7514,"date":"2017-04-20T12:09:07","date_gmt":"2017-04-20T10:09:07","guid":{"rendered":"http:\/\/dnjv.org.w00b1b50.kasserver.com\/?page_id=4710"},"modified":"2024-05-06T09:14:40","modified_gmt":"2024-05-06T07:14:40","slug":"vorstand-2-2-2","status":"publish","type":"page","link":"https:\/\/www.dnjv.eu\/?page_id=7514&lang=da","title":{"rendered":"Vorstand"},"content":{"rendered":"<figure id=\"attachment_9800\" aria-describedby=\"caption-attachment-9800\" style=\"width: 180px\" class=\"wp-caption aligncenter\"><img decoding=\"async\" class=\"wp-image-9800 size-full aligncenter\" src=\"http:\/\/www.dnjv.eu\/wp-content\/uploads\/2018\/07\/Juha_Va\u00a6\u00eayrynen_180x240px.jpg\" alt=\"\" width=\"180\" height=\"240\" srcset=\"https:\/\/www.dnjv.eu\/wp-content\/uploads\/2018\/07\/Juha_Va\u00a6\u00eayrynen_180x240px.jpg 180w, https:\/\/www.dnjv.eu\/wp-content\/uploads\/2018\/07\/Juha_Va\u00a6\u00eayrynen_180x240px-41x55.jpg 41w\" sizes=\"(max-width: 180px) 100vw, 180px\" \/><figcaption id=\"caption-attachment-9800\" class=\"wp-caption-text\">Juha V\u00e4yrynen, Helsinki, (Vorsitzender)<\/figcaption><\/figure>\n<p>&nbsp;<\/p>\n<p style=\"text-align: center;\"><img decoding=\"async\" class=\"alignnone wp-image-9806\" src=\"https:\/\/www.dnjv.eu\/wp-content\/uploads\/2024\/05\/Johannes_Thies-1-300x300.jpg\" alt=\"\" width=\"220\" height=\"220\" srcset=\"https:\/\/www.dnjv.eu\/wp-content\/uploads\/2024\/05\/Johannes_Thies-1-300x300.jpg 300w, https:\/\/www.dnjv.eu\/wp-content\/uploads\/2024\/05\/Johannes_Thies-1-1024x1024.jpg 1024w, https:\/\/www.dnjv.eu\/wp-content\/uploads\/2024\/05\/Johannes_Thies-1-150x150.jpg 150w, https:\/\/www.dnjv.eu\/wp-content\/uploads\/2024\/05\/Johannes_Thies-1-768x768.jpg 768w, https:\/\/www.dnjv.eu\/wp-content\/uploads\/2024\/05\/Johannes_Thies-1-55x55.jpg 55w, https:\/\/www.dnjv.eu\/wp-content\/uploads\/2024\/05\/Johannes_Thies-1-1536x1536.jpg 1536w, https:\/\/www.dnjv.eu\/wp-content\/uploads\/2024\/05\/Johannes_Thies-1-2048x2048.jpg 2048w, https:\/\/www.dnjv.eu\/wp-content\/uploads\/2024\/05\/Johannes_Thies-1-800x800.jpg 800w\" sizes=\"(max-width: 220px) 100vw, 220px\" \/><\/p>\n<p style=\"text-align: center;\">Johannnes Thies, Hamburg (Gesch\u00e4ftsf\u00fchrer)<\/p>\n<p>&nbsp;<\/p>\n<p>&nbsp;<\/p>\n<figure id=\"attachment_9801\" aria-describedby=\"caption-attachment-9801\" style=\"width: 207px\" class=\"wp-caption aligncenter\"><img fetchpriority=\"high\" decoding=\"async\" class=\"wp-image-9801\" src=\"http:\/\/www.dnjv.eu\/wp-content\/uploads\/2018\/07\/Bettina-Sch\u00fctz-G\u00e4rden.jpg\" alt=\"\" width=\"207\" height=\"276\" srcset=\"https:\/\/www.dnjv.eu\/wp-content\/uploads\/2018\/07\/Bettina-Sch\u00fctz-G\u00e4rden.jpg 175w, https:\/\/www.dnjv.eu\/wp-content\/uploads\/2018\/07\/Bettina-Sch\u00fctz-G\u00e4rden-41x55.jpg 41w\" sizes=\"(max-width: 207px) 100vw, 207px\" \/><figcaption id=\"caption-attachment-9801\" class=\"wp-caption-text\">Dr.Bettina Sch\u00fctz-G\u00e4rd\u00e9n, Malm\u00f6<\/figcaption><\/figure>\n<p>&nbsp;<\/p>\n<figure id=\"attachment_9802\" aria-describedby=\"caption-attachment-9802\" style=\"width: 184px\" class=\"wp-caption aligncenter\"><img loading=\"lazy\" decoding=\"async\" class=\"wp-image-9802\" src=\"http:\/\/www.dnjv.eu\/wp-content\/uploads\/2018\/07\/Nils-Kjellegard-Jensen-e1532857333538-200x300.jpg\" alt=\"\" width=\"184\" height=\"277\" srcset=\"https:\/\/www.dnjv.eu\/wp-content\/uploads\/2018\/07\/Nils-Kjellegard-Jensen-e1532857333538-200x300.jpg 200w, https:\/\/www.dnjv.eu\/wp-content\/uploads\/2018\/07\/Nils-Kjellegard-Jensen-e1532857333538-37x55.jpg 37w, https:\/\/www.dnjv.eu\/wp-content\/uploads\/2018\/07\/Nils-Kjellegard-Jensen-e1532857333538.jpg 512w\" sizes=\"(max-width: 184px) 100vw, 184px\" \/><figcaption id=\"caption-attachment-9802\" class=\"wp-caption-text\">Nils Kjellegaard Jensen, Hellerup<\/figcaption><\/figure>\n<p>&nbsp;<\/p>\n<figure id=\"attachment_9803\" aria-describedby=\"caption-attachment-9803\" style=\"width: 207px\" class=\"wp-caption aligncenter\"><img loading=\"lazy\" decoding=\"async\" class=\"wp-image-9803\" src=\"http:\/\/www.dnjv.eu\/wp-content\/uploads\/2018\/07\/Roland-M\u00f6rsdorf-225x300.jpg\" alt=\"\" width=\"207\" height=\"276\" srcset=\"https:\/\/www.dnjv.eu\/wp-content\/uploads\/2018\/07\/Roland-M\u00f6rsdorf-225x300.jpg 225w, https:\/\/www.dnjv.eu\/wp-content\/uploads\/2018\/07\/Roland-M\u00f6rsdorf-41x55.jpg 41w, https:\/\/www.dnjv.eu\/wp-content\/uploads\/2018\/07\/Roland-M\u00f6rsdorf.jpg 352w\" sizes=\"(max-width: 207px) 100vw, 207px\" \/><figcaption id=\"caption-attachment-9803\" class=\"wp-caption-text\">Dr. Roland M\u00f6rsdorf, Oslo<\/figcaption><\/figure>\n<p>&nbsp;<\/p>\n<figure id=\"attachment_9804\" aria-describedby=\"caption-attachment-9804\" style=\"width: 188px\" class=\"wp-caption aligncenter\"><img loading=\"lazy\" decoding=\"async\" class=\"wp-image-9804\" src=\"http:\/\/www.dnjv.eu\/wp-content\/uploads\/2018\/07\/Christina-Griebeler-210x300.jpg\" alt=\"\" width=\"188\" height=\"268\" srcset=\"https:\/\/www.dnjv.eu\/wp-content\/uploads\/2018\/07\/Christina-Griebeler-210x300.jpg 210w, https:\/\/www.dnjv.eu\/wp-content\/uploads\/2018\/07\/Christina-Griebeler-768x1097.jpg 768w, https:\/\/www.dnjv.eu\/wp-content\/uploads\/2018\/07\/Christina-Griebeler-717x1024.jpg 717w, https:\/\/www.dnjv.eu\/wp-content\/uploads\/2018\/07\/Christina-Griebeler-39x55.jpg 39w, https:\/\/www.dnjv.eu\/wp-content\/uploads\/2018\/07\/Christina-Griebeler-800x1143.jpg 800w, https:\/\/www.dnjv.eu\/wp-content\/uploads\/2018\/07\/Christina-Griebeler.jpg 1750w\" sizes=\"(max-width: 188px) 100vw, 188px\" \/><figcaption id=\"caption-attachment-9804\" class=\"wp-caption-text\">Dr. Christina Griebeler, Frankfurt\/Main<\/figcaption><\/figure>\n<p>&nbsp;<\/p>\n<figure id=\"attachment_9805\" aria-describedby=\"caption-attachment-9805\" style=\"width: 205px\" class=\"wp-caption aligncenter\"><img loading=\"lazy\" decoding=\"async\" class=\"wp-image-9805\" src=\"http:\/\/www.dnjv.eu\/wp-content\/uploads\/2018\/07\/Lothar-Hofmann-225x300.jpg\" alt=\"\" width=\"205\" height=\"273\" srcset=\"https:\/\/www.dnjv.eu\/wp-content\/uploads\/2018\/07\/Lothar-Hofmann-225x300.jpg 225w, https:\/\/www.dnjv.eu\/wp-content\/uploads\/2018\/07\/Lothar-Hofmann-41x55.jpg 41w, https:\/\/www.dnjv.eu\/wp-content\/uploads\/2018\/07\/Lothar-Hofmann.jpg 498w\" sizes=\"(max-width: 205px) 100vw, 205px\" \/><figcaption id=\"caption-attachment-9805\" class=\"wp-caption-text\">Dr. Lothar Hofmann,\u00a0Wien<\/figcaption><\/figure>\n","protected":false},"excerpt":{"rendered":"<p>&nbsp; Johannnes Thies, Hamburg (Gesch\u00e4ftsf\u00fchrer) &nbsp; &nbsp; &nbsp; &nbsp; &nbsp; &nbsp;<\/p>\n","protected":false},"author":1,"featured_media":0,"parent":0,"menu_order":0,"comment_status":"closed","ping_status":"closed","template":"","meta":{"footnotes":""},"class_list":["post-7514","page","type-page","status-publish","hentry"],"lang":"da","translations":{"de":4710,"en":7484,"nb":7499,"da":7514,"fi":7529,"sv":7544},"pll_sync_post":{"de":true,"en":true,"nb":true,"da":true,"fi":true,"sv":true},"_links":{"self":[{"href":"https:\/\/www.dnjv.eu\/index.php?rest_route=\/wp\/v2\/pages\/7514","targetHints":{"allow":["GET"]}}],"collection":[{"href":"https:\/\/www.dnjv.eu\/index.php?rest_route=\/wp\/v2\/pages"}],"about":[{"href":"https:\/\/www.dnjv.eu\/index.php?rest_route=\/wp\/v2\/types\/page"}],"author":[{"embeddable":true,"href":"https:\/\/www.dnjv.eu\/index.php?rest_route=\/wp\/v2\/users\/1"}],"replies":[{"embeddable":true,"href":"https:\/\/www.dnjv.eu\/index.php?rest_route=%2Fwp%2Fv2%2Fcomments&post=7514"}],"version-history":[{"count":0,"href":"https:\/\/www.dnjv.eu\/index.php?rest_route=\/wp\/v2\/pages\/7514\/revisions"}],"wp:attachment":[{"href":"https:\/\/www.dnjv.eu\/index.php?rest_route=%2Fwp%2Fv2%2Fmedia&parent=7514"}],"curies":[{"name":"wp","href":"https:\/\/api.w.org\/{rel}","templated":true}]}}