{"id":5169,"date":"2018-01-07T10:56:08","date_gmt":"2018-01-07T09:56:08","guid":{"rendered":"http:\/\/www.dnjv.eu\/?page_id=5169"},"modified":"2019-01-24T01:59:34","modified_gmt":"2019-01-24T00:59:34","slug":"fruehjahrstagung-2017-visby","status":"publish","type":"page","link":"https:\/\/www.dnjv.eu\/?page_id=5169&lang=de","title":{"rendered":"Fr\u00fchjahrstagung 2017 Visby"},"content":{"rendered":"<h3 style=\"text-align: center;\">19. bis 21. Mai 2017<\/h3>\n<h3 style=\"text-align: center;\">Thema: Vertriebsrecht<\/h3>\n<p>&nbsp;<\/p>\n<p>Die Tagung fand im Best Western Strandhotel Visby, Strandgatan 34, S-621 56 Visby, statt.<\/p>\n<p style=\"text-align: center;\"><a href=\"http:\/\/www.dnjv.eu\/wp-content\/uploads\/2018\/01\/1468687_Dokument-Tagungsprogramm-Fr\u00fchjahrstagung-2017-in-Visby-vom-23.01...-1.pdf\">Tagungsprogramm <\/a><\/p>\n<p style=\"text-align: center;\"><a href=\"http:\/\/www.dnjv.eu\/wp-content\/uploads\/2018\/01\/1468701_Dokument-Rahmenprogramm-Fr\u00fchjahrstagung-2017-in-Visby-vom-23.01....-1.pdf\">Rahmenprogramm <\/a><\/p>\n<p>&nbsp;<\/p>\n<p>Vortr\u00e4ge:<\/p>\n<p>J\u00f8rgen Lykkeg\u00e5rd, <a href=\"http:\/\/www.dnjv.eu\/wp-content\/uploads\/2018\/01\/Presentation-DNJV-19052017.pdf\">The implementation of the Council Directive 86\/653 EEC<\/a><\/p>\n<p>Richard Jacobsson, <a href=\"http:\/\/www.dnjv.eu\/wp-content\/uploads\/2018\/01\/Jacobsson.pdf\">Vertriebsrecht Schweden<\/a><\/p>\n<p>Philipp Krupke, <a href=\"http:\/\/www.dnjv.eu\/wp-content\/uploads\/2018\/01\/DNJV-Visby-2017-Philipp-Krupke-Handelsvertreterausgleich-Brille-ist-nicht-gleich-Brille.pdf\">Handelsvertreterausgleich &#8211; Brille ist nicht gleich Brille<\/a><\/p>\n<p>Lothar Hofmann, <a href=\"http:\/\/www.dnjv.eu\/wp-content\/uploads\/2018\/01\/170520-Vertrieb4-1.pdf\">Vertrieb 4.1<\/a><\/p>\n<p>und weiters<\/p>\n<p>Marion Ehmann zum besonderen Thema <a href=\"http:\/\/www.dnjv.eu\/wp-content\/uploads\/2018\/01\/DNJV-20170520-handout.pdf\">Legal Project Management<\/a><\/p>\n","protected":false},"excerpt":{"rendered":"<p>19. bis 21. Mai 2017 Thema: Vertriebsrecht &nbsp; Die Tagung fand im Best Western Strandhotel Visby, Strandgatan 34, S-621 56 Visby, statt. Tagungsprogramm Rahmenprogramm &nbsp; Vortr\u00e4ge: J\u00f8rgen Lykkeg\u00e5rd, The implementation of the Council Directive 86\/653 EEC Richard Jacobsson, Vertriebsrecht Schweden Philipp Krupke, Handelsvertreterausgleich &#8211; Brille ist nicht gleich Brille Lothar [\u2026] <\/p>\n<div class=\"clear\"><\/div>\n<p><a class=\"more_link clearfix\" href=\"https:\/\/www.dnjv.eu\/?page_id=5169&#038;lang=de\" rel=\"nofollow\">Read More &rarr;<\/a><\/p>\n","protected":false},"author":1,"featured_media":4951,"parent":0,"menu_order":0,"comment_status":"closed","ping_status":"closed","template":"","meta":{"footnotes":""},"class_list":["post-5169","page","type-page","status-publish","has-post-thumbnail","hentry"],"lang":"de","translations":{"de":5169},"pll_sync_post":[],"_links":{"self":[{"href":"https:\/\/www.dnjv.eu\/index.php?rest_route=\/wp\/v2\/pages\/5169","targetHints":{"allow":["GET"]}}],"collection":[{"href":"https:\/\/www.dnjv.eu\/index.php?rest_route=\/wp\/v2\/pages"}],"about":[{"href":"https:\/\/www.dnjv.eu\/index.php?rest_route=\/wp\/v2\/types\/page"}],"author":[{"embeddable":true,"href":"https:\/\/www.dnjv.eu\/index.php?rest_route=\/wp\/v2\/users\/1"}],"replies":[{"embeddable":true,"href":"https:\/\/www.dnjv.eu\/index.php?rest_route=%2Fwp%2Fv2%2Fcomments&post=5169"}],"version-history":[{"count":7,"href":"https:\/\/www.dnjv.eu\/index.php?rest_route=\/wp\/v2\/pages\/5169\/revisions"}],"predecessor-version":[{"id":5189,"href":"https:\/\/www.dnjv.eu\/index.php?rest_route=\/wp\/v2\/pages\/5169\/revisions\/5189"}],"wp:featuredmedia":[{"embeddable":true,"href":"https:\/\/www.dnjv.eu\/index.php?rest_route=\/wp\/v2\/media\/4951"}],"wp:attachment":[{"href":"https:\/\/www.dnjv.eu\/index.php?rest_route=%2Fwp%2Fv2%2Fmedia&parent=5169"}],"curies":[{"name":"wp","href":"https:\/\/api.w.org\/{rel}","templated":true}]}}