{"id":4704,"date":"2017-04-20T12:06:28","date_gmt":"2017-04-20T10:06:28","guid":{"rendered":"http:\/\/dnjv.org.w00b1b50.kasserver.com\/?page_id=4704"},"modified":"2019-02-09T16:28:40","modified_gmt":"2019-02-09T15:28:40","slug":"ziele","status":"publish","type":"page","link":"https:\/\/www.dnjv.eu\/?page_id=4704&lang=de","title":{"rendered":"Ziele"},"content":{"rendered":"<p>F\u00f6rderung der Berufsbildung<\/p>\n<p>Kenntnis und Verst\u00e4ndnis des nordischen Rechts in Deutschland und des deutschen Rechts in den L\u00e4ndern des Nordischen Rates<\/p>\n<p>Pers\u00f6nlicher und wissenschaftlicher Kontakt zwischen deutschsprachigen Juristen und Juristen aus Mitgliedsl\u00e4ndern des Nordischen Rates.<\/p>\n","protected":false},"excerpt":{"rendered":"<p>F\u00f6rderung der Berufsbildung Kenntnis und Verst\u00e4ndnis des nordischen Rechts in Deutschland und des deutschen Rechts in den L\u00e4ndern des Nordischen Rates Pers\u00f6nlicher und wissenschaftlicher Kontakt zwischen deutschsprachigen Juristen und Juristen aus Mitgliedsl\u00e4ndern des Nordischen Rates.<\/p>\n","protected":false},"author":1,"featured_media":0,"parent":0,"menu_order":0,"comment_status":"closed","ping_status":"closed","template":"","meta":{"footnotes":""},"class_list":["post-4704","page","type-page","status-publish","hentry"],"lang":"de","translations":{"de":4704,"en":7612,"nb":7613,"da":7614,"fi":7615,"sv":7616},"pll_sync_post":[],"_links":{"self":[{"href":"https:\/\/www.dnjv.eu\/index.php?rest_route=\/wp\/v2\/pages\/4704","targetHints":{"allow":["GET"]}}],"collection":[{"href":"https:\/\/www.dnjv.eu\/index.php?rest_route=\/wp\/v2\/pages"}],"about":[{"href":"https:\/\/www.dnjv.eu\/index.php?rest_route=\/wp\/v2\/types\/page"}],"author":[{"embeddable":true,"href":"https:\/\/www.dnjv.eu\/index.php?rest_route=\/wp\/v2\/users\/1"}],"replies":[{"embeddable":true,"href":"https:\/\/www.dnjv.eu\/index.php?rest_route=%2Fwp%2Fv2%2Fcomments&post=4704"}],"version-history":[{"count":4,"href":"https:\/\/www.dnjv.eu\/index.php?rest_route=\/wp\/v2\/pages\/4704\/revisions"}],"predecessor-version":[{"id":4966,"href":"https:\/\/www.dnjv.eu\/index.php?rest_route=\/wp\/v2\/pages\/4704\/revisions\/4966"}],"wp:attachment":[{"href":"https:\/\/www.dnjv.eu\/index.php?rest_route=%2Fwp%2Fv2%2Fmedia&parent=4704"}],"curies":[{"name":"wp","href":"https:\/\/api.w.org\/{rel}","templated":true}]}}